{"id":10,"date":"2008-09-20T10:08:14","date_gmt":"2008-09-20T08:08:14","guid":{"rendered":"http:\/\/www.mali-medicaments.org\/?page_id=10"},"modified":"2017-08-15T10:33:33","modified_gmt":"2017-08-15T08:33:33","slug":"nos-actions","status":"publish","type":"page","link":"https:\/\/www.mali-medicaments.org\/?page_id=10","title":{"rendered":"Domaine sanitaire"},"content":{"rendered":"<p><strong>\u00ab\u00a0EN MATI\u00c8RE DE SANT\u00c9, IL Y A TELLEMENT A FAIRE,<\/strong><\/p>\n<h1>POUR NOUS, C\u2019EST PEU ET POUR EUX, C\u2019EST BEAUCOUP !\u00a0\u00bb<\/h1>\n<p>&nbsp;<\/p>\n<p>Mali-m\u00e9dicaments, <strong>association reconnue d&rsquo;Int\u00e9r\u00eat G\u00e9n\u00e9ral<\/strong>,\u00a0est compos\u00e9e uniquement de b\u00e9n\u00e9voles dont une pharmacienne et des infirmi\u00e8res, de sympathisants pour des actions ponctuelles. Nous avons tiss\u00e9 des liens d\u2019amiti\u00e9s r\u00e9ciproques avec des maliens.<\/p>\n<p>Si, jusque dans les ann\u00e9es 1990, l&rsquo;acc\u00e8s aux m\u00e9dicaments est rest\u00e9 difficile pour les personnes vivant dans certains endroits \u00e9loign\u00e9s des grandes voies de communication , la situation s&rsquo;est bien am\u00e9lior\u00e9e depuis. Il n&rsquo;en reste pas moins que si aujourd&rsquo;hui on peut trouver partout assez facilement de quoi se soigner, du moins pour certains produits de base, ils sont \u00e0 un prix dont tout le monde ne peut s&rsquo;acquitter.<\/p>\n<p>&nbsp;<\/p>\n<p>\u2666 <strong>Historique\u00a0: de 1976, ann\u00e9e de cr\u00e9ation \u00e0 janvier 2009\u00a0:<\/strong><\/p>\n<p>Apr\u00e8s avoir fait notre possible pour approvisionner quelques dispensaires relativement enclav\u00e9s, notre r\u00f4le a donc \u00e9volu\u00e9 vers la mise \u00e0 disposition de m\u00e9dicaments \u00e0 l&rsquo;intention uniquement des personnes les plus d\u00e9munies.<\/p>\n<p>Mais au service de ces deux objectifs, notre m\u00e9thode est rest\u00e9e la m\u00eame jusqu&rsquo;en 2008. Gr\u00e2ce \u00e0 un r\u00e9seau d\u2019amis r\u00e9partis dans plusieurs communes du d\u00e9partement des Yvelines, nous r\u00e9cup\u00e9rions des m\u00e9dicaments non utilis\u00e9s (MNU) aupr\u00e8s de particuliers ou de pharmaciens, et m\u00eame, quand cela \u00e9tait encore possible, chez des m\u00e9decins. Nous achetions des sp\u00e9cialit\u00e9s plus adapt\u00e9es aux pathologies tropicales ainsi que d\u2019autres produits en fonction des demandes de nos correspondants.<\/p>\n<p><a href=\"http:\/\/www.mali-medicaments.org\/wp-content\/uploads\/2008\/09\/tri.jpg\" rel=\"lightbox[10]\"><img loading=\"lazy\" decoding=\"async\" title=\"tri\" src=\"https:\/\/www.mali-medicaments.org\/wp-content\/uploads\/2008\/09\/tri-300x217.jpg\" alt=\"tri\" width=\"300\" height=\"217\" \/><\/a><\/p>\n<p>Citons les dispensaires de <em>Gu\u00e9n\u00e9-Gor\u00e9<\/em>(la premi\u00e8re),\u00a0\u00a0<em>Kassama<\/em>, <em>K\u00e9ni\u00e9ba<\/em>, <em>Mopti, Koro et Gao<\/em>. Tous les deux mois (en g\u00e9n\u00e9ral le premier dimanche du mois),\u00a0\u00a0une dizaine d\u2019entre nous se r\u00e9unissait au si\u00e8ge de l\u2019association pour trier,\u00a0\u00a0et r\u00e9partir les produits selon les besoins de nos destinataires.\u00a0\u00a0Nous envoyions r\u00e9guli\u00e8rement des colis de 3 ou 20 Kg, ce qui repr\u00e9sentait entre 250 et 300 Kg de m\u00e9dicaments par an.<\/p>\n<h3>QUELQUES EXTRAITS SIGNIFICATIFS DE COURRIERS EN PROVENANCE DU MALI :<\/h3>\n<p><strong>Janv. 78<\/strong><\/p>\n<p><a href=\"http:\/\/www.mali-medicaments.org\/wp-content\/uploads\/2008\/09\/femenf.jpg\" rel=\"lightbox[10]\"><img loading=\"lazy\" decoding=\"async\" title=\"femme-enfant\" src=\"https:\/\/www.mali-medicaments.org\/wp-content\/uploads\/2008\/09\/femenf-300x212.jpg\" alt=\"femme et enfant\" width=\"300\" height=\"212\" \/><\/a><\/p>\n<p>\u00a0\u00bb <em>Si Brigitte et Martine sont ici des \u00e9trangers tr\u00e8s honor\u00e9s et accueillis par de pauvres africains, et mieux re\u00e7us que le pr\u00e9sident lui-m\u00eame, ce n&rsquo;est pas parce que vous avez fait quelques colis de m\u00e9dicaments ou bien que vous avez vendu beaucoup de brioches. C&rsquo;est seulement parce qu&rsquo;un grand capital humain s&rsquo;est mis en mouvement.<\/em> \u00a0\u00bb<\/p>\n<p align=\"center\">P\u00e8re Maurice DUGAY (P\u00e8re Blanc fondateur de l&rsquo;Association)<\/p>\n<p><a href=\"http:\/\/www.mali-medicaments.org\/wp-content\/uploads\/2008\/09\/puits2.jpg\" rel=\"lightbox[10]\"><img loading=\"lazy\" decoding=\"async\" title=\"puits2\" src=\"https:\/\/www.mali-medicaments.org\/wp-content\/uploads\/2008\/09\/puits2-300x212.jpg\" alt=\"puits\" width=\"300\" height=\"212\" \/><\/a><\/p>\n<p>\u00ab\u00a0<em> Tous ces enfants qu&rsquo;on nous pr\u00e9sente comme les n\u00f4tres parce qu&rsquo;ils ont surv\u00e9cu, parce que beaucoup vous doivent la vie. Ils ne peuvent pas payer ce qu&rsquo;ils vous doivent : la vie d&rsquo;un b\u00e9b\u00e9 n&rsquo;a pas de prix. Alors ils dansent, ils chantent, ils remuent le ciel et la terre et tout le village se mobilise pour qu&rsquo;au moins tout le monde sache qu&rsquo;ils ne sont pas indiff\u00e9rents<\/em>. \u00a0\u00bb<\/p>\n<p align=\"center\">P\u00e8re Maurice DUGAY<\/p>\n<div><strong>Mars 96<\/strong><\/div>\n<div>\u00ab\u00a0<em> L&rsquo;\u00e9quipe d&rsquo;infirmi\u00e8res a \u00e9t\u00e9 donc renouvel\u00e9e ici et notre dispensaire fonctionne toujours \u00e0 plein, avec environ 100 consultations par jour, et deux \u00e9quipes consultantes. Nous vous redisons notre reconnaissance pour l&rsquo;aide que vous nous avez port\u00e9e et souhaitons que votre collaboration avec nous pourra continuer.\u00a0\u00bb<\/em><\/div>\n<div>\n<div>Dispensaire de Gao<\/div>\n<div><\/div>\n<\/div>\n<p><strong>\u00a0\u00a0\u00a0\u00a0\u00a0\u2666 Historique\u00a0: depuis janvier 2009\u00a0:<\/strong><\/p>\n<p>La loi actuelle nous interdit de r\u00e9cup\u00e9rer aupr\u00e8s de particuliers ou en pharmacie les m\u00e9dicaments qui n&rsquo;ont pas \u00e9t\u00e9 utilis\u00e9s, quelque soit leur \u00e9tat. Quand bien m\u00eame un produit n&rsquo;a pas \u00e9t\u00e9 ouvert, quand bien m\u00eame sa date de p\u00e9remption lui donne plusieurs ann\u00e9es de validit\u00e9, tout M\u00e9dicament Non Utilis\u00e9 (MNU ) doit d\u00e9sormais \u00eatre incin\u00e9r\u00e9.<\/p>\n<p>Sans ignorer que cette \u00e9volution l\u00e9gislative repose sur des raisons s\u00e9rieuses qu&rsquo;il ne nous appartient pas ici de remettre en cause, il n&rsquo;en reste pas moins que si, comme toute autre association,\u00a0 nous voulions avec notre budget acheter dans les conditions habituelles du march\u00e9 des m\u00e9dicaments neufs pour les envoyer comme nous le faisions pour des MNU, notre capacit\u00e9 d&rsquo;aide serait \u00e0 peu pr\u00e8s divis\u00e9e par 10\u00a0!!!.<\/p>\n<p><em>\u25ca\u00a02004: la pharmacie du dispensaire de Bandiagara \/ comparaison\u00a02009 <\/em><\/p>\n<p><a href=\"http:\/\/www.mali-medicaments.org\/wp-content\/uploads\/2008\/09\/pharmacie2004.jpg\" rel=\"lightbox[10]\"><img loading=\"lazy\" decoding=\"async\" class=\" wp-image-329\" title=\"Dispensaire Bandiagara photo prise en 2004\" src=\"https:\/\/www.mali-medicaments.org\/wp-content\/uploads\/2008\/09\/pharmacie2004-150x150.jpg\" alt=\"\" width=\"320\" height=\"229\" \/><\/a><\/p>\n<p><a href=\"http:\/\/www.mali-medicaments.org\/wp-content\/uploads\/2008\/09\/pharmacie20092.jpg\" rel=\"lightbox[10]\"><img loading=\"lazy\" decoding=\"async\" class=\"alignleft wp-image-333\" title=\"pharmacie2009\" src=\"https:\/\/www.mali-medicaments.org\/wp-content\/uploads\/2008\/09\/pharmacie20092-150x150.jpg\" alt=\"\" width=\"268\" height=\"229\" \/><\/a><\/p>\n<p>&nbsp;<\/p>\n<p>&nbsp;<\/p>\n<p>&nbsp;<\/p>\n<p>&nbsp;<\/p>\n<p>&nbsp;<\/p>\n<p><span style=\"text-decoration: underline;\"><strong>Nouvelle strat\u00e9gie\u00a0:<\/strong><\/span><\/p>\n<p><strong>\u2192 aide m\u00e9dicamenteuse:<\/strong><\/p>\n<p>Il ressort des recherches que nous avons pu faire jusqu&rsquo;\u00e0 pr\u00e9sent en mati\u00e8re de fourniture de produits \u00e0 des tarifs pr\u00e9f\u00e9rentiels, que la moins mauvaise solution reste en fait l&rsquo;envoi direct aussi r\u00e9gulier que possible d&rsquo;un apport\u00a0financier.\u00a0Les dispensaires avec lesquels nous collaborons ach\u00e8tent d\u00e9sormais dans le pays, (ce qui, il faut le reconna\u00eetre est possible en temps normal pour beaucoup de produits). Les m\u00e9dicaments sont\u00a0ainsi mis \u00e0 la disposition des personnes qui n&rsquo;auraient pas les moyens de se soigner si elles devaient les acheter elles-m\u00eames.<\/p>\n<p>Les virements sont semestriels, approvisionn\u00e9s \u00e0 r\u00e9ception de la copie des achats effectu\u00e9s pr\u00e9c\u00e9demment. Nos destinations actuelles sont: le dispensaire catholique et le dispensaire d&rsquo;\u00e9tat\u00a0de Pel- Maoud\u00e9\u00a0et Bandiagara, visit\u00e9s notamment en 2009, le centre infantile de KORO et son centre hospitalier, l&rsquo;h\u00f4pital Cardoso \u00e0 S\u00e9VAR\u00e9.<\/p>\n<p><strong>\u00a0\u00a0 \u2666 <span style=\"color: #0000ff;\"><a href=\"http:\/\/www.mali-medicaments.org\/wp-content\/uploads\/2008\/09\/dispensaire-bandiagara1.pdf\"><span style=\"color: #0000ff;\">Dispensaire Bandiagara visit\u00e9 en 2009, note synth\u00e9tique illustr\u00e9e de photos<\/span><\/a><\/span><\/strong><\/p>\n<p><em>(Nous avons mis fin \u00e0 notre partenariat en 2016 faute d&rsquo;\u00e9l\u00e9ments concrets port\u00e9s \u00e0 notre connaissance de l&rsquo; aide dispens\u00e9e aupr\u00e8s de la population)<\/em><\/p>\n<p><strong>\u00a0\u00a0\u00a0\u2666<span style=\"color: #0000ff;\"> <a href=\"http:\/\/www.mali-medicaments.org\/wp-content\/uploads\/2008\/09\/explications-dispensaire.pdf\"><span style=\"color: #0000ff;\">Dispensaire de Pel-Maoud\u00e9,visit\u00e9 en 2009, note explicative illustr\u00e9e de photos<\/span><\/a><\/span><\/strong><\/p>\n<p><strong>\u2192 action politique:<\/strong><\/p>\n<p>D\u2019autre part, Mali-m\u00e9dicaments essaye de sensibiliser les d\u00e9cideurs \u00e0 la n\u00e9cessit\u00e9 d\u2019amender la Loi en cours, aberration tant \u00e9conomique qu\u2019humanitaire.<\/p>\n<p><em>Nous vous invitons \u00e0 consulter l&rsquo;article <a title=\"La probl\u00e9matique du MNU \u2013 Dossier: \u00ab\u00a0Ce que construisent les hommes est \u00e9ternellement perfectible\u00a0\u00bb\" href=\"http:\/\/www.mali-medicaments.org\/?p=305\"><span style=\"color: #0000ff;\"><strong>\u00ab\u00a0Ce que construisent les Hommes est \u00e9ternellement perfectible\u00a0\u00bb<\/strong><\/span><\/a> cat\u00e9gorie &lsquo;action sanitaire&rsquo; ou\/et <strong><span style=\"color: #0000ff;\"><a title=\"Atelier MALI-MEDICAMENTS \u2013 4\u00e8me Assises du 78 \u2013 Dans le domaine de l\u2019aide humanitaire, le produit de la sant\u00e9 peut-il n\u2019\u00eatre regard\u00e9 que comme un produit commercial?\" href=\"http:\/\/www.mali-medicaments.org\/?p=297\"><span style=\"color: #0000ff;\">l&rsquo;article relatif \u00e0 l&rsquo;atelier anim\u00e9 par Mali-M\u00e9dicaments <\/span><\/a><\/span><\/strong>sur le sujet lors de <strong><span style=\"color: #0000ff;\"><a title=\"Reportage photos des 4\u00e8me Assises Yvelinoises le 13\/10\/2012\" href=\"http:\/\/www.mali-medicaments.org\/?p=262\"><span style=\"color: #0000ff;\">la tenue des 4\u00e8me Assises Yvelinoises, cat\u00e9gorie &lsquo;journ\u00e9e \u00e9v\u00e8nementielle &#8211; Assises&rsquo;<\/span><\/a>.<\/span><\/strong><\/em><\/p>\n<p><strong>\u2192 aide ponctuelle et conjoncturelle:<\/strong><\/p>\n<p>Par ailleurs, lorsque l&rsquo;occasion se pr\u00e9sente, Mali-M\u00e9dicaments envoie du petit mat\u00e9riel m\u00e9dical ainsi que certains m\u00e9dicaments introuvables sur place.<\/p>\n<p>Si les r\u00e9coltes s&rsquo;av\u00e8rent m\u00e9diocres ou insuffisants ou si le contexte politique engendre un apport massif de r\u00e9fugi\u00e8s comme en 2011-2012, Mali-M\u00e9dicament octroie une aide humanitaire alimentaire sous la forme d&rsquo;achat de sacs de mil, nourriture de base pour nos amis maliens.<\/p>\n<p><em>\u25ca Illustrations: arriv\u00e9e des sacs de mil \u00e0 Pel-Maoud\u00e9 en octobre 2012 et distribution aux Chefs de village:<\/em><\/p>\n<p><a href=\"http:\/\/www.mali-medicaments.org\/wp-content\/uploads\/2008\/09\/Securit\u00e9-Alimentaire-Pel-1.jpg\" rel=\"lightbox[10]\"><img loading=\"lazy\" decoding=\"async\" class=\"alignleft size-medium wp-image-326\" title=\"Arriv\u00e9e \u00e0 Pel-Maoud\u00e9 de l'aide alimentaire, sacs de mil, automne 2012\" src=\"https:\/\/www.mali-medicaments.org\/wp-content\/uploads\/2008\/09\/Securit\u00e9-Alimentaire-Pel-1-300x225.jpg\" alt=\"\" width=\"300\" height=\"225\" srcset=\"https:\/\/www.mali-medicaments.org\/wp-content\/uploads\/2008\/09\/Securit\u00e9-Alimentaire-Pel-1-300x225.jpg 300w, https:\/\/www.mali-medicaments.org\/wp-content\/uploads\/2008\/09\/Securit\u00e9-Alimentaire-Pel-1.jpg 1024w\" sizes=\"auto, (max-width: 300px) 100vw, 300px\" \/><\/a><\/p>\n<p>&nbsp;<\/p>\n<p>&nbsp;<\/p>\n<p>&nbsp;<\/p>\n<p><a href=\"http:\/\/www.mali-medicaments.org\/wp-content\/uploads\/2008\/09\/Securit\u00e9-Alimentaire-Pel-42.jpg\" rel=\"lightbox[10]\"><img loading=\"lazy\" decoding=\"async\" class=\"alignleft size-medium wp-image-343\" title=\"Distribution aide alimentaire aux Chefs de village\" src=\"https:\/\/www.mali-medicaments.org\/wp-content\/uploads\/2008\/09\/Securit\u00e9-Alimentaire-Pel-42-300x225.jpg\" alt=\"\" width=\"300\" height=\"225\" srcset=\"https:\/\/www.mali-medicaments.org\/wp-content\/uploads\/2008\/09\/Securit\u00e9-Alimentaire-Pel-42-300x225.jpg 300w, https:\/\/www.mali-medicaments.org\/wp-content\/uploads\/2008\/09\/Securit\u00e9-Alimentaire-Pel-42.jpg 1024w\" sizes=\"auto, (max-width: 300px) 100vw, 300px\" \/><\/a><\/p>\n<p>&nbsp;<\/p>\n<p>&nbsp;<\/p>\n<p>&nbsp;<\/p>\n<p>&nbsp;<\/p>\n<p><strong>\u2192 aide aux soins aupr\u00e8s des \u00e9coles &#8211; sensibilisation aux r\u00e8gles d&rsquo;hygi\u00e8ne, \u00e0 la n\u00e9cessit\u00e9 du lavage des mains &#8211; formation d&rsquo;adultes relais:<\/strong><\/p>\n<p>Depuis 2014, Mali-M\u00e9dicaments octroie des fonds permettant d&rsquo;acqu\u00e9rir <span style=\"color: #000000;\">le n\u00e9cessaire pour dispenser les premiers soins d&rsquo;urgences en cas de blessure, d&rsquo;accidents ou d&rsquo;infection au niveau des \u00e9coles.<\/span> Les Directeurs d&rsquo;\u00e9cole, les responsables des comit\u00e9s de gestion re\u00e7oivent une formation de base afin d&rsquo;assurer ces soins palliatifs et pr\u00e9ventifs de mani\u00e8re que tout foyer infectieux ou mal \u00eatre ne d\u00e9g\u00e9n\u00e8re en une infection plus grave. C&rsquo;est un v\u00e9ritable succ\u00e8s tant au niveau sanitaire que scolaire, les enfants \u00e9tant pris en charge, les autorit\u00e9s \u00e9ducatives ont constat\u00e9 une augmentation de la fr\u00e9quentation scolaire.<\/p>\n<p><em>Nous vous invitons \u00e0 consulter les articles d\u00e9di\u00e9s \u00e0 ces actions:<\/em><\/p>\n<p>\u21d2 <span style=\"color: #0000ff;\"><strong><a style=\"color: #0000ff;\" href=\"https:\/\/www.mali-medicaments.org\/wp-admin\/post.php?post=1156&amp;action=edit\">Domaine sanitaire, Mali-m\u00e9dicaments s&rsquo;implique aussi au niveau des \u00e9coles.<\/a><\/strong><\/span><\/p>\n<p>\u21d2 <span style=\"color: #0000ff;\"><strong><a style=\"color: #0000ff;\" href=\"https:\/\/www.mali-medicaments.org\/wp-admin\/post.php?post=1261&amp;action=edit\">Domaine sanitaire, mali-M\u00e9dicaments\u00a0s&rsquo;implique aussi dans la sensibilisation des \u00e9coliers aux r\u00e8gles d&rsquo;hygi\u00e8nes \u00e9l\u00e9mentaires.<\/a><\/strong><\/span><br \/>\n<a href=\"https:\/\/www.mali-medicaments.org\/?attachment_id=1952\" rel=\"attachment wp-att-1952\"><img loading=\"lazy\" decoding=\"async\" class=\"alignnone size-thumbnail wp-image-1952\" src=\"https:\/\/www.mali-medicaments.org\/wp-content\/uploads\/2008\/09\/SAM_0303X-XCopie-150x150.jpg\" alt=\"\" width=\"150\" height=\"150\" \/><\/a>\u00a0<a href=\"https:\/\/www.mali-medicaments.org\/?attachment_id=1953\" rel=\"attachment wp-att-1953\"><img loading=\"lazy\" decoding=\"async\" class=\"alignnone size-thumbnail wp-image-1953\" src=\"https:\/\/www.mali-medicaments.org\/wp-content\/uploads\/2008\/09\/SAM_0306X-XCopie-150x150.jpg\" alt=\"\" width=\"150\" height=\"150\" \/><\/a>\u00a0<a href=\"https:\/\/www.mali-medicaments.org\/?attachment_id=1954\" rel=\"attachment wp-att-1954\"><img loading=\"lazy\" decoding=\"async\" class=\"alignnone size-thumbnail wp-image-1954\" src=\"https:\/\/www.mali-medicaments.org\/wp-content\/uploads\/2008\/09\/SAM_0312X-XCopie-150x150.jpg\" alt=\"\" width=\"150\" height=\"150\" \/><\/a><\/p>\n<p><strong>\u2192 aide \u00e0 la fabrication de serviettes hygi\u00e9niques lavables, \u00e0 partir de juin 2017: <\/strong><\/p>\n<p><em>(Article en cours d&rsquo;\u00e9laboration)<\/em><\/p>\n<p>\u25ca <strong>Nos ressources\u00a0:<\/strong><\/p>\n<p>L&rsquo;une de nos\u00a0rentr\u00e9es financi\u00e8res traditionnelle est \u00ab<strong><span style=\"color: #0000ff;\"><a title=\"Op\u00e9ration Brioches 2008\" href=\"http:\/\/www.mali-medicaments.org\/?p=83\"><span style=\"color: #0000ff;\"><em>\u00a0l\u2019op\u00e9ration brioches\u00a0<\/em><\/span><\/a><\/span><\/strong>\u00bb qui a lieu chaque ann\u00e9e, pendant le dernier week-end de septembre o\u00f9 nous vendons avec autorisation pr\u00e9fectorale des brioches essentiellement \u00e0 domicile dans plusieurs communes de la r\u00e9gion de Montfort l\u2019Amaury, Rambouillet et Neauphle le Ch\u00e2teau<span style=\"text-decoration: underline;\"><em>.<\/em><\/span><\/p>\n<p>&nbsp;<\/p>\n<p><strong>\u2665\u00a0Notre association s\u2019efforce d\u2019\u0153uvrer \u00e0 taille humaine et tient \u00e0 n\u2019exister que dans les limites (mais aussi les richesses) de la rencontre des hommes.<\/strong><em>\u00a0\u2665<\/em><\/p>\n<p><em>C\u2019est dans cet esprit que nous entretenons aussi une correspondance suivie avec ceux qui nous sollicitent et que nous essayons autant que possible d\u2019organiser des visites sur place et d\u2019inviter nos correspondants en France.<\/em><\/p>\n","protected":false},"excerpt":{"rendered":"<p>\u00ab\u00a0EN MATI\u00c8RE DE SANT\u00c9, IL Y A TELLEMENT A FAIRE, POUR NOUS, C\u2019EST PEU ET POUR EUX, C\u2019EST BEAUCOUP !\u00a0\u00bb &nbsp; Mali-m\u00e9dicaments, association reconnue d&rsquo;Int\u00e9r\u00eat G\u00e9n\u00e9ral,\u00a0est compos\u00e9e uniquement de b\u00e9n\u00e9voles dont une pharmacienne et des infirmi\u00e8res, de sympathisants pour des actions ponctuelles. Nous avons tiss\u00e9 des liens d\u2019amiti\u00e9s r\u00e9ciproques avec des maliens. Si, jusque dans &hellip; <\/p>\n<p class=\"link-more\"><a href=\"https:\/\/www.mali-medicaments.org\/?page_id=10\" class=\"more-link\">Continuer la lecture<span class=\"screen-reader-text\"> de &laquo;&nbsp;Domaine sanitaire&nbsp;&raquo;<\/span><\/a><\/p>\n","protected":false},"author":2,"featured_media":0,"parent":0,"menu_order":1,"comment_status":"open","ping_status":"open","template":"","meta":{"ngg_post_thumbnail":0,"footnotes":""},"class_list":["post-10","page","type-page","status-publish","hentry"],"_links":{"self":[{"href":"https:\/\/www.mali-medicaments.org\/index.php?rest_route=\/wp\/v2\/pages\/10","targetHints":{"allow":["GET"]}}],"collection":[{"href":"https:\/\/www.mali-medicaments.org\/index.php?rest_route=\/wp\/v2\/pages"}],"about":[{"href":"https:\/\/www.mali-medicaments.org\/index.php?rest_route=\/wp\/v2\/types\/page"}],"author":[{"embeddable":true,"href":"https:\/\/www.mali-medicaments.org\/index.php?rest_route=\/wp\/v2\/users\/2"}],"replies":[{"embeddable":true,"href":"https:\/\/www.mali-medicaments.org\/index.php?rest_route=%2Fwp%2Fv2%2Fcomments&post=10"}],"version-history":[{"count":18,"href":"https:\/\/www.mali-medicaments.org\/index.php?rest_route=\/wp\/v2\/pages\/10\/revisions"}],"predecessor-version":[{"id":1955,"href":"https:\/\/www.mali-medicaments.org\/index.php?rest_route=\/wp\/v2\/pages\/10\/revisions\/1955"}],"wp:attachment":[{"href":"https:\/\/www.mali-medicaments.org\/index.php?rest_route=%2Fwp%2Fv2%2Fmedia&parent=10"}],"curies":[{"name":"wp","href":"https:\/\/api.w.org\/{rel}","templated":true}]}}